{"id":267,"date":"2024-03-28T15:53:03","date_gmt":"2024-03-28T14:53:03","guid":{"rendered":"https:\/\/lesgrandesdames.fr\/?page_id=267"},"modified":"2024-03-28T16:04:55","modified_gmt":"2024-03-28T15:04:55","slug":"mentions-legales","status":"publish","type":"page","link":"https:\/\/lesgrandesdames.fr\/index.php\/mentions-legales\/","title":{"rendered":"Mentions l\u00e9gales"},"content":{"rendered":"\t\t<div data-elementor-type=\"wp-page\" data-elementor-id=\"267\" class=\"elementor elementor-267\">\n\t\t\t\t<div class=\"elementor-element elementor-element-eb7bd68 e-flex e-con-boxed wpr-particle-no wpr-jarallax-no wpr-parallax-no wpr-sticky-section-no e-con e-parent\" data-id=\"eb7bd68\" data-element_type=\"container\" data-core-v316-plus=\"true\">\n\t\t\t\t\t<div class=\"e-con-inner\">\n\t\t\t\t<div class=\"elementor-element elementor-element-6a8d29d elementor-widget elementor-widget-text-editor\" data-id=\"6a8d29d\" data-element_type=\"widget\" data-widget_type=\"text-editor.default\">\n\t\t\t\t<div class=\"elementor-widget-container\">\n\t\t\t<style>\/*! elementor - v3.20.0 - 26-03-2024 *\/\n.elementor-widget-text-editor.elementor-drop-cap-view-stacked .elementor-drop-cap{background-color:#69727d;color:#fff}.elementor-widget-text-editor.elementor-drop-cap-view-framed .elementor-drop-cap{color:#69727d;border:3px solid;background-color:transparent}.elementor-widget-text-editor:not(.elementor-drop-cap-view-default) .elementor-drop-cap{margin-top:8px}.elementor-widget-text-editor:not(.elementor-drop-cap-view-default) .elementor-drop-cap-letter{width:1em;height:1em}.elementor-widget-text-editor .elementor-drop-cap{float:left;text-align:center;line-height:1;font-size:50px}.elementor-widget-text-editor .elementor-drop-cap-letter{display:inline-block}<\/style>\t\t\t\t<p><strong>Nom de la revue<\/strong> : Les Grandes Dames<\/p><p><strong>Cofondatrices<\/strong> : Manzana Vall\u00e9e &amp; Victoria Glineur<\/p><p><strong>Adresse<\/strong> :\u00a0<br \/>Les Grandes Dames, Paris, 75000<\/p><p><strong>Conception &amp; D\u00e9veloppement<\/strong> :\u00a0<br \/>Cr\u00e9ation du site (web design et d\u00e9veloppement) depuis 2024 : Manzana Vall\u00e9e<\/p><p><strong>Maintenance<\/strong> : Manzana Vall\u00e9e<\/p><p><strong>H\u00e9bergement<\/strong> :<br \/>Le site est h\u00e9berg\u00e9 par la soci\u00e9t\u00e9 OVH, 2 rue Kellermann &#8211; 59100, Roubaix<\/p><p><strong>Droit de reproduction<\/strong> :\u00a0<br \/>Toute reproduction des articles, des podcasts ou des vid\u00e9os sur <span style=\"text-decoration: underline;\"><strong><em>lesgrandesdames.fr<\/em><\/strong><\/span> aussi bien dans la forme que dans le fond est interdite sans autorisation des cofondatrices.\u00a0<\/p><p><strong>Photographies et illustration<\/strong>s :<br \/>Les photographies et illustrations utilis\u00e9es sont libres de droit, ou publi\u00e9es en citant la r\u00e9f\u00e9rence.\u00a0<br \/><br \/><strong>Contact<\/strong> : les.grandes.dames2024@gmail.com<br \/><br \/><\/p>\t\t\t\t\t\t<\/div>\n\t\t\t\t<\/div>\n\t\t\t\t\t<\/div>\n\t\t\t\t<\/div>\n\t\t\t\t<\/div>\n\t\t","protected":false},"excerpt":{"rendered":"<p>Nom de la revue : Les Grandes Dames Cofondatrices : Manzana Vall\u00e9e &amp; Victoria Glineur Adresse :\u00a0Les Grandes Dames, Paris, 75000 Conception &amp; D\u00e9veloppement :\u00a0Cr\u00e9ation du site (web design et d\u00e9veloppement) depuis 2024 : Manzana Vall\u00e9e Maintenance : Manzana Vall\u00e9e H\u00e9bergement :Le site est h\u00e9berg\u00e9 par la soci\u00e9t\u00e9 OVH, 2 rue Kellermann &#8211; 59100, Roubaix [&hellip;]<\/p>\n","protected":false},"author":2,"featured_media":0,"parent":0,"menu_order":0,"comment_status":"closed","ping_status":"closed","template":"","meta":{"footnotes":""},"class_list":["post-267","page","type-page","status-publish","hentry"],"yoast_head":"<!-- This site is optimized with the Yoast SEO plugin v22.3 - https:\/\/yoast.com\/wordpress\/plugins\/seo\/ -->\n<title>Mentions l\u00e9gales - Les Grandes Dames<\/title>\n<meta name=\"robots\" content=\"index, follow, max-snippet:-1, max-image-preview:large, max-video-preview:-1\" \/>\n<link rel=\"canonical\" href=\"https:\/\/lesgrandesdames.fr\/index.php\/mentions-legales\/\" \/>\n<meta property=\"og:locale\" content=\"fr_FR\" \/>\n<meta property=\"og:type\" content=\"article\" \/>\n<meta property=\"og:title\" content=\"Mentions l\u00e9gales - Les Grandes Dames\" \/>\n<meta property=\"og:description\" content=\"Nom de la revue : Les Grandes Dames Cofondatrices : Manzana Vall\u00e9e &amp; Victoria Glineur Adresse :\u00a0Les Grandes Dames, Paris, 75000 Conception &amp; D\u00e9veloppement :\u00a0Cr\u00e9ation du site (web design et d\u00e9veloppement) depuis 2024 : Manzana Vall\u00e9e Maintenance : Manzana Vall\u00e9e H\u00e9bergement :Le site est h\u00e9berg\u00e9 par la soci\u00e9t\u00e9 OVH, 2 rue Kellermann &#8211; 59100, Roubaix [&hellip;]\" \/>\n<meta property=\"og:url\" content=\"https:\/\/lesgrandesdames.fr\/index.php\/mentions-legales\/\" \/>\n<meta property=\"og:site_name\" content=\"Les Grandes Dames\" \/>\n<meta property=\"article:modified_time\" content=\"2024-03-28T15:04:55+00:00\" \/>\n<meta name=\"twitter:card\" content=\"summary_large_image\" \/>\n<meta name=\"twitter:label1\" content=\"Dur\u00e9e de lecture estim\u00e9e\" \/>\n\t<meta name=\"twitter:data1\" content=\"1 minute\" \/>\n<script type=\"application\/ld+json\" class=\"yoast-schema-graph\">{\"@context\":\"https:\/\/schema.org\",\"@graph\":[{\"@type\":\"WebPage\",\"@id\":\"https:\/\/lesgrandesdames.fr\/index.php\/mentions-legales\/\",\"url\":\"https:\/\/lesgrandesdames.fr\/index.php\/mentions-legales\/\",\"name\":\"Mentions l\u00e9gales - Les Grandes Dames\",\"isPartOf\":{\"@id\":\"https:\/\/lesgrandesdames.fr\/#website\"},\"datePublished\":\"2024-03-28T14:53:03+00:00\",\"dateModified\":\"2024-03-28T15:04:55+00:00\",\"breadcrumb\":{\"@id\":\"https:\/\/lesgrandesdames.fr\/index.php\/mentions-legales\/#breadcrumb\"},\"inLanguage\":\"fr-FR\",\"potentialAction\":[{\"@type\":\"ReadAction\",\"target\":[\"https:\/\/lesgrandesdames.fr\/index.php\/mentions-legales\/\"]}]},{\"@type\":\"BreadcrumbList\",\"@id\":\"https:\/\/lesgrandesdames.fr\/index.php\/mentions-legales\/#breadcrumb\",\"itemListElement\":[{\"@type\":\"ListItem\",\"position\":1,\"name\":\"Home\",\"item\":\"https:\/\/lesgrandesdames.fr\/\"},{\"@type\":\"ListItem\",\"position\":2,\"name\":\"Mentions l\u00e9gales\"}]},{\"@type\":\"WebSite\",\"@id\":\"https:\/\/lesgrandesdames.fr\/#website\",\"url\":\"https:\/\/lesgrandesdames.fr\/\",\"name\":\"Les Grandes Dames\",\"description\":\"\",\"publisher\":{\"@id\":\"https:\/\/lesgrandesdames.fr\/#organization\"},\"potentialAction\":[{\"@type\":\"SearchAction\",\"target\":{\"@type\":\"EntryPoint\",\"urlTemplate\":\"https:\/\/lesgrandesdames.fr\/?s={search_term_string}\"},\"query-input\":\"required name=search_term_string\"}],\"inLanguage\":\"fr-FR\"},{\"@type\":\"Organization\",\"@id\":\"https:\/\/lesgrandesdames.fr\/#organization\",\"name\":\"Les Grandes Dames\",\"url\":\"https:\/\/lesgrandesdames.fr\/\",\"logo\":{\"@type\":\"ImageObject\",\"inLanguage\":\"fr-FR\",\"@id\":\"https:\/\/lesgrandesdames.fr\/#\/schema\/logo\/image\/\",\"url\":\"https:\/\/lesgrandesdames.fr\/wp-content\/uploads\/2024\/03\/cropped-Untitled-design.png\",\"contentUrl\":\"https:\/\/lesgrandesdames.fr\/wp-content\/uploads\/2024\/03\/cropped-Untitled-design.png\",\"width\":112,\"height\":110,\"caption\":\"Les Grandes Dames\"},\"image\":{\"@id\":\"https:\/\/lesgrandesdames.fr\/#\/schema\/logo\/image\/\"}}]}<\/script>\n<!-- \/ Yoast SEO plugin. -->","yoast_head_json":{"title":"Mentions l\u00e9gales - Les Grandes Dames","robots":{"index":"index","follow":"follow","max-snippet":"max-snippet:-1","max-image-preview":"max-image-preview:large","max-video-preview":"max-video-preview:-1"},"canonical":"https:\/\/lesgrandesdames.fr\/index.php\/mentions-legales\/","og_locale":"fr_FR","og_type":"article","og_title":"Mentions l\u00e9gales - Les Grandes Dames","og_description":"Nom de la revue : Les Grandes Dames Cofondatrices : Manzana Vall\u00e9e &amp; Victoria Glineur Adresse :\u00a0Les Grandes Dames, Paris, 75000 Conception &amp; D\u00e9veloppement :\u00a0Cr\u00e9ation du site (web design et d\u00e9veloppement) depuis 2024 : Manzana Vall\u00e9e Maintenance : Manzana Vall\u00e9e H\u00e9bergement :Le site est h\u00e9berg\u00e9 par la soci\u00e9t\u00e9 OVH, 2 rue Kellermann &#8211; 59100, Roubaix [&hellip;]","og_url":"https:\/\/lesgrandesdames.fr\/index.php\/mentions-legales\/","og_site_name":"Les Grandes Dames","article_modified_time":"2024-03-28T15:04:55+00:00","twitter_card":"summary_large_image","twitter_misc":{"Dur\u00e9e de lecture estim\u00e9e":"1 minute"},"schema":{"@context":"https:\/\/schema.org","@graph":[{"@type":"WebPage","@id":"https:\/\/lesgrandesdames.fr\/index.php\/mentions-legales\/","url":"https:\/\/lesgrandesdames.fr\/index.php\/mentions-legales\/","name":"Mentions l\u00e9gales - Les Grandes Dames","isPartOf":{"@id":"https:\/\/lesgrandesdames.fr\/#website"},"datePublished":"2024-03-28T14:53:03+00:00","dateModified":"2024-03-28T15:04:55+00:00","breadcrumb":{"@id":"https:\/\/lesgrandesdames.fr\/index.php\/mentions-legales\/#breadcrumb"},"inLanguage":"fr-FR","potentialAction":[{"@type":"ReadAction","target":["https:\/\/lesgrandesdames.fr\/index.php\/mentions-legales\/"]}]},{"@type":"BreadcrumbList","@id":"https:\/\/lesgrandesdames.fr\/index.php\/mentions-legales\/#breadcrumb","itemListElement":[{"@type":"ListItem","position":1,"name":"Home","item":"https:\/\/lesgrandesdames.fr\/"},{"@type":"ListItem","position":2,"name":"Mentions l\u00e9gales"}]},{"@type":"WebSite","@id":"https:\/\/lesgrandesdames.fr\/#website","url":"https:\/\/lesgrandesdames.fr\/","name":"Les Grandes Dames","description":"","publisher":{"@id":"https:\/\/lesgrandesdames.fr\/#organization"},"potentialAction":[{"@type":"SearchAction","target":{"@type":"EntryPoint","urlTemplate":"https:\/\/lesgrandesdames.fr\/?s={search_term_string}"},"query-input":"required name=search_term_string"}],"inLanguage":"fr-FR"},{"@type":"Organization","@id":"https:\/\/lesgrandesdames.fr\/#organization","name":"Les Grandes Dames","url":"https:\/\/lesgrandesdames.fr\/","logo":{"@type":"ImageObject","inLanguage":"fr-FR","@id":"https:\/\/lesgrandesdames.fr\/#\/schema\/logo\/image\/","url":"https:\/\/lesgrandesdames.fr\/wp-content\/uploads\/2024\/03\/cropped-Untitled-design.png","contentUrl":"https:\/\/lesgrandesdames.fr\/wp-content\/uploads\/2024\/03\/cropped-Untitled-design.png","width":112,"height":110,"caption":"Les Grandes Dames"},"image":{"@id":"https:\/\/lesgrandesdames.fr\/#\/schema\/logo\/image\/"}}]}},"_links":{"self":[{"href":"https:\/\/lesgrandesdames.fr\/index.php\/wp-json\/wp\/v2\/pages\/267","targetHints":{"allow":["GET"]}}],"collection":[{"href":"https:\/\/lesgrandesdames.fr\/index.php\/wp-json\/wp\/v2\/pages"}],"about":[{"href":"https:\/\/lesgrandesdames.fr\/index.php\/wp-json\/wp\/v2\/types\/page"}],"author":[{"embeddable":true,"href":"https:\/\/lesgrandesdames.fr\/index.php\/wp-json\/wp\/v2\/users\/2"}],"replies":[{"embeddable":true,"href":"https:\/\/lesgrandesdames.fr\/index.php\/wp-json\/wp\/v2\/comments?post=267"}],"version-history":[{"count":7,"href":"https:\/\/lesgrandesdames.fr\/index.php\/wp-json\/wp\/v2\/pages\/267\/revisions"}],"predecessor-version":[{"id":274,"href":"https:\/\/lesgrandesdames.fr\/index.php\/wp-json\/wp\/v2\/pages\/267\/revisions\/274"}],"wp:attachment":[{"href":"https:\/\/lesgrandesdames.fr\/index.php\/wp-json\/wp\/v2\/media?parent=267"}],"curies":[{"name":"wp","href":"https:\/\/api.w.org\/{rel}","templated":true}]}}